{"id":148,"date":"2017-11-23T19:13:53","date_gmt":"2017-11-23T19:13:53","guid":{"rendered":"http:\/\/www.zsnemyceves.info\/?page_id=148"},"modified":"2019-01-07T14:21:30","modified_gmt":"2019-01-07T14:21:30","slug":"skolni-rad","status":"publish","type":"page","link":"https:\/\/www.zsnemyceves.info\/?page_id=148","title":{"rendered":"\u0160KOLN\u00cd \u0158\u00c1D"},"content":{"rendered":"<p><a href=\"https:\/\/www.zsnemyceves.info\/wp-content\/uploads\/2018\/03\/\u0160koln\u00ed-\u0159\u00e1d.pdf\">\u0160koln\u00ed \u0159\u00e1d<\/a><\/p>\n<p><a href=\"https:\/\/www.zsnemyceves.info\/wp-content\/uploads\/2019\/01\/Pravidla-hodnocen\u00ed.pdf\">Pravidla hodnocen\u00ed<\/a><\/p>\n","protected":false},"excerpt":{"rendered":"<p>\u0160koln\u00ed \u0159\u00e1d Pravidla hodnocen\u00ed<\/p>\n","protected":false},"author":1,"featured_media":0,"parent":76,"menu_order":0,"comment_status":"closed","ping_status":"closed","template":"","meta":{"footnotes":""},"class_list":["post-148","page","type-page","status-publish","hentry"],"_links":{"self":[{"href":"https:\/\/www.zsnemyceves.info\/index.php?rest_route=\/wp\/v2\/pages\/148","targetHints":{"allow":["GET"]}}],"collection":[{"href":"https:\/\/www.zsnemyceves.info\/index.php?rest_route=\/wp\/v2\/pages"}],"about":[{"href":"https:\/\/www.zsnemyceves.info\/index.php?rest_route=\/wp\/v2\/types\/page"}],"author":[{"embeddable":true,"href":"https:\/\/www.zsnemyceves.info\/index.php?rest_route=\/wp\/v2\/users\/1"}],"replies":[{"embeddable":true,"href":"https:\/\/www.zsnemyceves.info\/index.php?rest_route=%2Fwp%2Fv2%2Fcomments&post=148"}],"version-history":[{"count":4,"href":"https:\/\/www.zsnemyceves.info\/index.php?rest_route=\/wp\/v2\/pages\/148\/revisions"}],"predecessor-version":[{"id":966,"href":"https:\/\/www.zsnemyceves.info\/index.php?rest_route=\/wp\/v2\/pages\/148\/revisions\/966"}],"up":[{"embeddable":true,"href":"https:\/\/www.zsnemyceves.info\/index.php?rest_route=\/wp\/v2\/pages\/76"}],"wp:attachment":[{"href":"https:\/\/www.zsnemyceves.info\/index.php?rest_route=%2Fwp%2Fv2%2Fmedia&parent=148"}],"curies":[{"name":"wp","href":"https:\/\/api.w.org\/{rel}","templated":true}]}}