{"id":23,"date":"2017-08-23T19:41:10","date_gmt":"2017-08-23T19:41:10","guid":{"rendered":"http:\/\/www.zsnemyceves.info\/?page_id=23"},"modified":"2025-08-18T09:12:46","modified_gmt":"2025-08-18T09:12:46","slug":"skolni-rok","status":"publish","type":"page","link":"https:\/\/www.zsnemyceves.info\/?page_id=23","title":{"rendered":"\u0160KOLN\u00cd ROK"},"content":{"rendered":"<p><a href=\"https:\/\/www.zsnemyceves.info\/index.php\/skolni-rok\/skolni-poradenske-pracoviste\/\">\u0160KOLN\u00cd PORADENSK\u00c9 PRACOVI\u0160T\u011a<\/a><\/p>\n\n\n<h3 class=\"wp-block-heading has-text-align-center has-black-color has-text-color\">ORGANIZACE \u0160KOLN\u00cdHO ROKU<\/h3>\n\n\n\n<ul class=\"wp-block-list\">\n<li>Zah\u00e1jen\u00ed \u0161koln\u00edho roku 2025\/2026 <strong>pond\u011bl\u00ed 1. z\u00e1\u0159\u00ed 202<\/strong>5<\/li>\n\n\n\n<li>Podzimn\u00ed pr\u00e1zdniny <strong> pond\u011bl\u00ed 27. \u0159\u00edjna a st\u0159eda 29. \u0159\u00edjna 2025<\/strong><\/li>\n\n\n\n<li>V\u00e1no\u010dn\u00ed pr\u00e1zdniny <strong>pond\u011bl\u00ed 22. prosince 2025 &#8211; p\u00e1tek 2. ledna 2026<\/strong> (n\u00e1stup 5.1. &#8211; pond\u011bl\u00ed)<\/li>\n\n\n\n<li>Pololetn\u00ed pr\u00e1zdniny <strong> p\u00e1tek 30. ledna 2026<\/strong><\/li>\n\n\n\n<li>Jarn\u00ed pr\u00e1zdniny <strong>2. &#8211; 8. \u00fanora<\/strong> <strong>2026<\/strong><\/li>\n\n\n\n<li>Velikono\u010dn\u00ed pr\u00e1zdniny <strong>\u010dtvrtek 2. dubna 2026<\/strong> (p\u00e1tek a pond\u011bl\u00ed &#8211; st\u00e1tn\u00ed sv\u00e1tek)<\/li>\n\n\n\n<li>Ukon\u010den\u00ed \u0161koln\u00edho roku 2025\/2026 <strong>\u00fater\u00fd 30. \u010dervna 2026<\/strong><\/li>\n<\/ul>\n\n\n\n<p><\/p>\n","protected":false},"excerpt":{"rendered":"<p>\u0160KOLN\u00cd PORADENSK\u00c9 PRACOVI\u0160T\u011a ORGANIZACE \u0160KOLN\u00cdHO ROKU<\/p>\n","protected":false},"author":1,"featured_media":0,"parent":0,"menu_order":3,"comment_status":"closed","ping_status":"closed","template":"","meta":{"footnotes":""},"class_list":["post-23","page","type-page","status-publish","hentry"],"_links":{"self":[{"href":"https:\/\/www.zsnemyceves.info\/index.php?rest_route=\/wp\/v2\/pages\/23","targetHints":{"allow":["GET"]}}],"collection":[{"href":"https:\/\/www.zsnemyceves.info\/index.php?rest_route=\/wp\/v2\/pages"}],"about":[{"href":"https:\/\/www.zsnemyceves.info\/index.php?rest_route=\/wp\/v2\/types\/page"}],"author":[{"embeddable":true,"href":"https:\/\/www.zsnemyceves.info\/index.php?rest_route=\/wp\/v2\/users\/1"}],"replies":[{"embeddable":true,"href":"https:\/\/www.zsnemyceves.info\/index.php?rest_route=%2Fwp%2Fv2%2Fcomments&post=23"}],"version-history":[{"count":6,"href":"https:\/\/www.zsnemyceves.info\/index.php?rest_route=\/wp\/v2\/pages\/23\/revisions"}],"predecessor-version":[{"id":2538,"href":"https:\/\/www.zsnemyceves.info\/index.php?rest_route=\/wp\/v2\/pages\/23\/revisions\/2538"}],"wp:attachment":[{"href":"https:\/\/www.zsnemyceves.info\/index.php?rest_route=%2Fwp%2Fv2%2Fmedia&parent=23"}],"curies":[{"name":"wp","href":"https:\/\/api.w.org\/{rel}","templated":true}]}}