{"id":76,"date":"2017-08-26T19:34:29","date_gmt":"2017-08-26T19:34:29","guid":{"rendered":"http:\/\/www.zsnemyceves.info\/?page_id=76"},"modified":"2024-03-21T15:32:44","modified_gmt":"2024-03-21T15:32:44","slug":"dokumenty","status":"publish","type":"page","link":"https:\/\/www.zsnemyceves.info\/?page_id=76","title":{"rendered":"DOKUMENTY"},"content":{"rendered":"\n<div class=\"wp-block-file\"><a id=\"wp-block-file--media-bc6c7e1e-b3a4-4774-a3c2-ae4d5310ad72\" href=\"https:\/\/www.zsnemyceves.info\/wp-content\/uploads\/2024\/03\/Vnitrni-rad-skolni-druziny.-kopie.pdf\">Vnit\u0159n\u00ed \u0159\u00e1d \u0161koln\u00ed dru\u017einy.<\/a><\/div>\n\n\n\n<div class=\"wp-block-file\"><a id=\"wp-block-file--media-6de402b4-b801-45bd-8e80-195206d23729\" href=\"https:\/\/www.zsnemyceves.info\/wp-content\/uploads\/2024\/03\/Vnitrni-rad-skolni-vydejny.-kopie.pdf\">Vnit\u0159n\u00ed \u0159\u00e1d \u0161koln\u00ed j\u00eddelny &#8211; v\u00fddejny<\/a><\/div>\n","protected":false},"excerpt":{"rendered":"","protected":false},"author":1,"featured_media":0,"parent":0,"menu_order":8,"comment_status":"closed","ping_status":"closed","template":"","meta":{"footnotes":""},"class_list":["post-76","page","type-page","status-publish","hentry"],"_links":{"self":[{"href":"https:\/\/www.zsnemyceves.info\/index.php?rest_route=\/wp\/v2\/pages\/76","targetHints":{"allow":["GET"]}}],"collection":[{"href":"https:\/\/www.zsnemyceves.info\/index.php?rest_route=\/wp\/v2\/pages"}],"about":[{"href":"https:\/\/www.zsnemyceves.info\/index.php?rest_route=\/wp\/v2\/types\/page"}],"author":[{"embeddable":true,"href":"https:\/\/www.zsnemyceves.info\/index.php?rest_route=\/wp\/v2\/users\/1"}],"replies":[{"embeddable":true,"href":"https:\/\/www.zsnemyceves.info\/index.php?rest_route=%2Fwp%2Fv2%2Fcomments&post=76"}],"version-history":[{"count":3,"href":"https:\/\/www.zsnemyceves.info\/index.php?rest_route=\/wp\/v2\/pages\/76\/revisions"}],"predecessor-version":[{"id":2451,"href":"https:\/\/www.zsnemyceves.info\/index.php?rest_route=\/wp\/v2\/pages\/76\/revisions\/2451"}],"wp:attachment":[{"href":"https:\/\/www.zsnemyceves.info\/index.php?rest_route=%2Fwp%2Fv2%2Fmedia&parent=76"}],"curies":[{"name":"wp","href":"https:\/\/api.w.org\/{rel}","templated":true}]}}